{"id":128,"date":"2025-04-19T11:43:51","date_gmt":"2025-04-19T14:43:51","guid":{"rendered":"https:\/\/cloudsuport.com.br\/2025\/?page_id=128"},"modified":"2025-04-24T23:04:56","modified_gmt":"2025-04-25T02:04:56","slug":"tickets","status":"publish","type":"page","link":"https:\/\/cloudsuport.com.br\/2025\/tickets\/","title":{"rendered":"Tickets"},"content":{"rendered":"\t\t<div data-elementor-type=\"wp-page\" data-elementor-id=\"128\" class=\"elementor elementor-128\">\n\t\t\t\t<div class=\"has_eae_slider elementor-element elementor-element-0abc8fb e-flex e-con-boxed e-con e-parent\" data-eae-slider=\"22911\" data-id=\"0abc8fb\" data-element_type=\"container\" data-settings=\"{&quot;background_background&quot;:&quot;slideshow&quot;,&quot;background_slideshow_gallery&quot;:[{&quot;id&quot;:134,&quot;url&quot;:&quot;https:\\\/\\\/cloudsuport.com.br\\\/2025\\\/wp-content\\\/uploads\\\/2025\\\/04\\\/Tickets_png_2.png&quot;}],&quot;background_slideshow_loop&quot;:&quot;yes&quot;,&quot;background_slideshow_slide_duration&quot;:5000,&quot;background_slideshow_slide_transition&quot;:&quot;fade&quot;,&quot;background_slideshow_transition_duration&quot;:500}\">\n\t\t\t\t\t<div class=\"e-con-inner\">\n\t\t\t\t<div class=\"elementor-element elementor-element-60da23b elementor-widget elementor-widget-heading\" data-id=\"60da23b\" data-element_type=\"widget\" data-widget_type=\"heading.default\">\n\t\t\t\t<div class=\"elementor-widget-container\">\n\t\t\t\t\t<h1 class=\"elementor-heading-title elementor-size-default\">TICKETS - Venda de Ingressos <\/h1>\t\t\t\t<\/div>\n\t\t\t\t<\/div>\n\t\t\t\t\t<\/div>\n\t\t\t\t<\/div>\n\t\t<div class=\"has_eae_slider elementor-element elementor-element-3991c42 e-flex e-con-boxed e-con e-parent\" data-eae-slider=\"6883\" data-id=\"3991c42\" data-element_type=\"container\">\n\t\t\t\t\t<div class=\"e-con-inner\">\n\t\t\t\t<div class=\"elementor-element elementor-element-ab27ac2 elementor-widget elementor-widget-text-editor\" data-id=\"ab27ac2\" data-element_type=\"widget\" data-widget_type=\"text-editor.default\">\n\t\t\t\t<div class=\"elementor-widget-container\">\n\t\t\t\t\t\t\t\t\t<h2 class=\"\" data-start=\"137\" data-end=\"183\">Tudo de Melhor em Uma Plataforma de Tickets<\/h2><p class=\"\" data-start=\"185\" data-end=\"539\">O <strong data-start=\"187\" data-end=\"210\">Cloud Suport Ticket<\/strong> \u00e9 a solu\u00e7\u00e3o completa e moderna para a gest\u00e3o de eventos, oferecendo praticidade, seguran\u00e7a e performance. Com recursos pensados para facilitar a vida de organizadores e proporcionar a melhor experi\u00eancia para os participantes, nossa plataforma \u00e9 o que voc\u00ea precisa para transformar a maneira como vende e controla seus ingressos.<\/p><h3 class=\"\" data-start=\"541\" data-end=\"578\">Vantagens do Ticket Cloud Suport:<\/h3><ul data-start=\"580\" data-end=\"2129\"><li class=\"\" data-start=\"580\" data-end=\"731\"><p class=\"\" data-start=\"582\" data-end=\"731\"><strong data-start=\"582\" data-end=\"627\">Dispon\u00edvel 24h por dia, 7 dias por semana<\/strong><br data-start=\"627\" data-end=\"630\" \/>Acesse a plataforma a qualquer momento, de qualquer lugar. Gerencie seus eventos com liberdade total.<\/p><\/li><li class=\"\" data-start=\"733\" data-end=\"860\"><p class=\"\" data-start=\"735\" data-end=\"860\"><strong data-start=\"735\" data-end=\"767\">Pagamentos via cart\u00e3o ou Pix<\/strong><br data-start=\"767\" data-end=\"770\" \/>Mais flexibilidade para os seus clientes escolherem como pagar \u2013 simples, r\u00e1pido e seguro.<\/p><\/li><li class=\"\" data-start=\"862\" data-end=\"993\"><p class=\"\" data-start=\"864\" data-end=\"993\"><strong data-start=\"864\" data-end=\"897\">Ingressos enviados por e-mail<\/strong><br data-start=\"897\" data-end=\"900\" \/>Entrega autom\u00e1tica e digital dos ingressos diretamente na caixa de entrada dos participantes.<\/p><\/li><li class=\"\" data-start=\"995\" data-end=\"1083\"><p class=\"\" data-start=\"997\" data-end=\"1083\"><strong data-start=\"997\" data-end=\"1023\">Sem necessidade de app<\/strong><br data-start=\"1023\" data-end=\"1026\" \/>Acesse tudo pelo navegador, sem downloads ou instala\u00e7\u00f5es.<\/p><\/li><li class=\"\" data-start=\"1085\" data-end=\"1215\"><p class=\"\" data-start=\"1087\" data-end=\"1215\"><strong data-start=\"1087\" data-end=\"1132\">Compra r\u00e1pida com apenas um e-mail v\u00e1lido<\/strong><br data-start=\"1132\" data-end=\"1135\" \/>Facilitamos o processo de compra para garantir mais convers\u00f5es e menos abandono.<\/p><\/li><li class=\"\" data-start=\"1217\" data-end=\"1299\"><p class=\"\" data-start=\"1219\" data-end=\"1299\"><strong data-start=\"1219\" data-end=\"1236\">PDV integrado<\/strong><br data-start=\"1236\" data-end=\"1239\" \/>Tenha um ponto de venda f\u00edsico aliado \u00e0 sua opera\u00e7\u00e3o online.<\/p><\/li><li class=\"\" data-start=\"1301\" data-end=\"1464\"><p class=\"\" data-start=\"1303\" data-end=\"1464\"><strong data-start=\"1303\" data-end=\"1341\">Leitura de QR Code mesmo <em data-start=\"1330\" data-end=\"1339\">offline<\/em><\/strong><br data-start=\"1341\" data-end=\"1344\" \/>No dia do evento, valide ingressos mesmo sem conex\u00e3o com a internet \u2013 tecnologia que garante o controle e evita fraudes.<\/p><\/li><li class=\"\" data-start=\"1466\" data-end=\"1537\"><p class=\"\" data-start=\"1468\" data-end=\"1537\"><strong data-start=\"1468\" data-end=\"1494\">Nada de filas virtuais<\/strong><br data-start=\"1494\" data-end=\"1497\" \/>Processo fluido e \u00e1gil do in\u00edcio ao fim.<\/p><\/li><li class=\"\" data-start=\"1539\" data-end=\"1652\"><p class=\"\" data-start=\"1541\" data-end=\"1652\"><strong data-start=\"1541\" data-end=\"1578\">Sem cadastros longos e cansativos<\/strong><br data-start=\"1578\" data-end=\"1581\" \/>Eliminamos barreiras para o seu p\u00fablico. Mais praticidade, mais vendas.<\/p><\/li><li class=\"\" data-start=\"1654\" data-end=\"1882\"><p class=\"\" data-start=\"1656\" data-end=\"1751\"><strong data-start=\"1656\" data-end=\"1681\">Divulga\u00e7\u00e3o facilitada<\/strong><br data-start=\"1681\" data-end=\"1684\" \/>Integre nossa plataforma ao seu site ou utilize subdom\u00ednios como:<\/p><ul data-start=\"1754\" data-end=\"1882\"><li class=\"\" data-start=\"1754\" data-end=\"1776\"><p class=\"\" data-start=\"1756\" data-end=\"1776\"><a href=\"https:\/\/suabalada.com.br\/2023\/\"><code data-start=\"1756\" data-end=\"1774\">suabalada.com.br<\/code><\/a><\/p><\/li><li class=\"\" data-start=\"1779\" data-end=\"1882\"><p class=\"\" data-start=\"1781\" data-end=\"1882\"><code data-start=\"1781\" data-end=\"1809\"><a href=\"https:\/\/cloudsuport.com.br\/eventos\/\">cloudsuport.com.br<\/a><\/code><code data-start=\"1781\" data-end=\"1809\"><\/code><br data-start=\"1809\" data-end=\"1812\" \/>Promova seu evento de forma profissional e alcance muito mais pessoas.<\/p><\/li><\/ul><\/li><li class=\"\" data-start=\"1884\" data-end=\"1998\"><p class=\"\" data-start=\"1886\" data-end=\"1998\"><strong data-start=\"1886\" data-end=\"1911\">Suporte personalizado<\/strong><br data-start=\"1911\" data-end=\"1914\" \/>Conte com nossa equipe sempre que precisar. Atendimento r\u00e1pido, humano e resolutivo.<\/p><\/li><li class=\"\" data-start=\"2000\" data-end=\"2129\"><p class=\"\" data-start=\"2002\" data-end=\"2129\"><strong data-start=\"2002\" data-end=\"2039\">Gest\u00e3o de afiliados em tempo real<\/strong><br data-start=\"2039\" data-end=\"2042\" \/>Controle comiss\u00f5es e parcerias com total transpar\u00eancia atrav\u00e9s de links personalizados.<\/p><\/li><\/ul><p>Com a <strong data-start=\"2142\" data-end=\"2158\">Cloud Suport<\/strong>, voc\u00ea tem todas as ferramentas necess\u00e1rias para gerenciar seus eventos de forma eficiente, moderna e profissional \u2014 garantindo o sucesso da sua produ\u00e7\u00e3o e a satisfa\u00e7\u00e3o do seu p\u00fablico<\/p>\t\t\t\t\t\t\t\t<\/div>\n\t\t\t\t<\/div>\n\t\t\t\t\t<\/div>\n\t\t\t\t<\/div>\n\t\t\t\t<\/div>\n\t\t","protected":false},"excerpt":{"rendered":"<p>TICKETS &#8211; Venda de Ingressos Tudo de Melhor em Uma Plataforma de Tickets O Cloud Suport Ticket \u00e9 a solu\u00e7\u00e3o completa e moderna para a gest\u00e3o de eventos, oferecendo praticidade, seguran\u00e7a e performance. Com recursos pensados para facilitar a vida de organizadores e proporcionar a melhor experi\u00eancia para os participantes, nossa plataforma \u00e9 o que [&hellip;]<\/p>\n","protected":false},"author":1,"featured_media":0,"parent":0,"menu_order":0,"comment_status":"closed","ping_status":"closed","template":"elementor_header_footer","meta":{"_joinchat":[],"footnotes":""},"class_list":["post-128","page","type-page","status-publish","hentry"],"_links":{"self":[{"href":"https:\/\/cloudsuport.com.br\/2025\/wp-json\/wp\/v2\/pages\/128","targetHints":{"allow":["GET"]}}],"collection":[{"href":"https:\/\/cloudsuport.com.br\/2025\/wp-json\/wp\/v2\/pages"}],"about":[{"href":"https:\/\/cloudsuport.com.br\/2025\/wp-json\/wp\/v2\/types\/page"}],"author":[{"embeddable":true,"href":"https:\/\/cloudsuport.com.br\/2025\/wp-json\/wp\/v2\/users\/1"}],"replies":[{"embeddable":true,"href":"https:\/\/cloudsuport.com.br\/2025\/wp-json\/wp\/v2\/comments?post=128"}],"version-history":[{"count":13,"href":"https:\/\/cloudsuport.com.br\/2025\/wp-json\/wp\/v2\/pages\/128\/revisions"}],"predecessor-version":[{"id":327,"href":"https:\/\/cloudsuport.com.br\/2025\/wp-json\/wp\/v2\/pages\/128\/revisions\/327"}],"wp:attachment":[{"href":"https:\/\/cloudsuport.com.br\/2025\/wp-json\/wp\/v2\/media?parent=128"}],"curies":[{"name":"wp","href":"https:\/\/api.w.org\/{rel}","templated":true}]}}