{"id":31,"date":"2025-04-15T21:44:42","date_gmt":"2025-04-16T00:44:42","guid":{"rendered":"https:\/\/cloudsuport.com.br\/2025\/?page_id=31"},"modified":"2025-04-26T15:47:55","modified_gmt":"2025-04-26T18:47:55","slug":"quem-somos","status":"publish","type":"page","link":"https:\/\/cloudsuport.com.br\/2025\/quem-somos\/","title":{"rendered":"Quem Somos"},"content":{"rendered":"\t\t<div data-elementor-type=\"wp-page\" data-elementor-id=\"31\" class=\"elementor elementor-31\">\n\t\t\t\t<div class=\"has_eae_slider elementor-element elementor-element-0abc8fb e-flex e-con-boxed e-con e-parent\" data-eae-slider=\"24264\" data-id=\"0abc8fb\" data-element_type=\"container\" data-settings=\"{&quot;background_background&quot;:&quot;slideshow&quot;,&quot;background_slideshow_gallery&quot;:[{&quot;id&quot;:66,&quot;url&quot;:&quot;https:\\\/\\\/cloudsuport.com.br\\\/2025\\\/wp-content\\\/uploads\\\/2025\\\/04\\\/Quem-Somos.png&quot;}],&quot;background_slideshow_loop&quot;:&quot;yes&quot;,&quot;background_slideshow_slide_duration&quot;:5000,&quot;background_slideshow_slide_transition&quot;:&quot;fade&quot;,&quot;background_slideshow_transition_duration&quot;:500}\">\n\t\t\t\t\t<div class=\"e-con-inner\">\n\t\t\t\t<div class=\"elementor-element elementor-element-60da23b elementor-widget elementor-widget-heading\" data-id=\"60da23b\" data-element_type=\"widget\" data-widget_type=\"heading.default\">\n\t\t\t\t<div class=\"elementor-widget-container\">\n\t\t\t\t\t<h1 class=\"elementor-heading-title elementor-size-default\">Quem Somos<\/h1>\t\t\t\t<\/div>\n\t\t\t\t<\/div>\n\t\t\t\t\t<\/div>\n\t\t\t\t<\/div>\n\t\t<div class=\"has_eae_slider elementor-element elementor-element-840beca e-con-full e-flex e-con e-parent\" data-eae-slider=\"73243\" data-id=\"840beca\" data-element_type=\"container\">\n\t\t<div class=\"has_eae_slider elementor-element elementor-element-ed165b7 e-con-full e-flex e-con e-child\" data-eae-slider=\"23738\" data-id=\"ed165b7\" data-element_type=\"container\">\n\t\t\t\t<div class=\"elementor-element elementor-element-4587b2b elementor-widget elementor-widget-text-editor\" data-id=\"4587b2b\" data-element_type=\"widget\" data-widget_type=\"text-editor.default\">\n\t\t\t\t<div class=\"elementor-widget-container\">\n\t\t\t\t\t\t\t\t\t<p style=\"text-align: justify;\">A <strong data-start=\"158\" data-end=\"174\">Cloud Suport<\/strong> est\u00e1 no mercado desde 2006, oferecendo solu\u00e7\u00f5es inovadoras em tecnologia para empresas e organiza\u00e7\u00f5es de diversos segmentos. Nossa miss\u00e3o \u00e9 proporcionar ferramentas e servi\u00e7os que impulsionam a efici\u00eancia e a seguran\u00e7a dos neg\u00f3cios de nossos clientes.<\/p><p class=\"\" style=\"text-align: justify;\" data-start=\"156\" data-end=\"426\">Atualmente, contamos com produtos e solu\u00e7\u00f5es em diversas \u00e1reas, incluindo:<\/p><ul style=\"text-align: justify;\" data-start=\"504\" data-end=\"1062\"><li class=\"\" data-start=\"504\" data-end=\"591\"><p class=\"\" data-start=\"506\" data-end=\"591\"><strong data-start=\"506\" data-end=\"530\">Seguran\u00e7a Eletr\u00f4nica<\/strong>: Tecnologias avan\u00e7adas para prote\u00e7\u00e3o de ambientes e dados.<\/p><\/li><li class=\"\" data-start=\"592\" data-end=\"690\"><p class=\"\" data-start=\"594\" data-end=\"690\"><strong data-start=\"594\" data-end=\"605\">Eventos<\/strong>: Sistemas e infraestruturas para gest\u00e3o e suporte em eventos de diferentes portes.<\/p><\/li><li class=\"\" data-start=\"691\" data-end=\"771\"><p class=\"\" data-start=\"693\" data-end=\"771\"><strong data-start=\"693\" data-end=\"714\">Telefonia Digital<\/strong>: Solu\u00e7\u00f5es VoIP para comunica\u00e7\u00e3o eficiente e econ\u00f4mica.<\/p><\/li><li class=\"\" data-start=\"772\" data-end=\"879\"><p class=\"\" data-start=\"774\" data-end=\"879\"><strong data-start=\"774\" data-end=\"816\">AVA (Ambiente Virtual de Aprendizagem)<\/strong>: Plataformas educacionais completas para ensino \u00e0 dist\u00e2ncia.<\/p><\/li><li class=\"\" data-start=\"880\" data-end=\"1062\"><p class=\"\" data-start=\"882\" data-end=\"1062\"><strong data-start=\"882\" data-end=\"898\">Service Desk<\/strong>: Atendimento especializado para suporte t\u00e9cnico, gest\u00e3o de incidentes e requisi\u00e7\u00f5es, assegurando a continuidade das opera\u00e7\u00f5es de TI com alta qualidade e agilidade.<\/p><\/li><\/ul><p class=\"\" style=\"text-align: justify;\" data-start=\"1989\" data-end=\"2204\">\u00a0<\/p>\t\t\t\t\t\t\t\t<\/div>\n\t\t\t\t<\/div>\n\t\t\t\t<\/div>\n\t\t<div class=\"has_eae_slider elementor-element elementor-element-e7ed18d e-con-full e-flex e-con e-child\" data-eae-slider=\"7228\" data-id=\"e7ed18d\" data-element_type=\"container\">\n\t\t\t\t<div class=\"elementor-element elementor-element-25cbb15 elementor-widget elementor-widget-image\" data-id=\"25cbb15\" data-element_type=\"widget\" data-widget_type=\"image.default\">\n\t\t\t\t<div class=\"elementor-widget-container\">\n\t\t\t\t\t\t\t\t\t\t\t\t\t\t\t<img fetchpriority=\"high\" decoding=\"async\" width=\"800\" height=\"450\" src=\"https:\/\/cloudsuport.com.br\/2025\/wp-content\/uploads\/2025\/04\/projeto-ia-unifor-mpce-800-getty-1.png\" class=\"attachment-large size-large wp-image-340\" alt=\"\" srcset=\"https:\/\/cloudsuport.com.br\/2025\/wp-content\/uploads\/2025\/04\/projeto-ia-unifor-mpce-800-getty-1.png 800w, https:\/\/cloudsuport.com.br\/2025\/wp-content\/uploads\/2025\/04\/projeto-ia-unifor-mpce-800-getty-1-300x169.png 300w, https:\/\/cloudsuport.com.br\/2025\/wp-content\/uploads\/2025\/04\/projeto-ia-unifor-mpce-800-getty-1-768x432.png 768w\" sizes=\"(max-width: 800px) 100vw, 800px\" \/>\t\t\t\t\t\t\t\t\t\t\t\t\t\t\t<\/div>\n\t\t\t\t<\/div>\n\t\t\t\t<\/div>\n\t\t\t\t<\/div>\n\t\t<div class=\"has_eae_slider elementor-element elementor-element-7c074f6 e-con-full e-flex e-con e-parent\" data-eae-slider=\"72506\" data-id=\"7c074f6\" data-element_type=\"container\">\n\t\t\t\t<div class=\"elementor-element elementor-element-bd12640 elementor-widget elementor-widget-text-editor\" data-id=\"bd12640\" data-element_type=\"widget\" data-widget_type=\"text-editor.default\">\n\t\t\t\t<div class=\"elementor-widget-container\">\n\t\t\t\t\t\t\t\t\t<p style=\"text-align: justify;\" data-start=\"1589\" data-end=\"1987\">Se a sua empresa ou organiza\u00e7\u00e3o n\u00e3o possui uma infraestrutura tecnol\u00f3gica adequada ou est\u00e1 limitada em suas opera\u00e7\u00f5es, a <strong data-start=\"1185\" data-end=\"1201\">Cloud Suport<\/strong> oferece um <strong data-start=\"1213\" data-end=\"1273\">Help Desk completo com NOC (Centro de Opera\u00e7\u00f5es de Rede)<\/strong> e um <strong data-start=\"1279\" data-end=\"1295\">Service Desk<\/strong> estruturado para atender todas as demandas t\u00e9cnicas de forma r\u00e1pida e eficiente. Nosso Service Desk \u00e9 mais do que apenas suporte t\u00e9cnico \u2014 \u00e9 uma solu\u00e7\u00e3o estrat\u00e9gica para a gest\u00e3o de TI, com foco na resolu\u00e7\u00e3o proativa de problemas, aumento da produtividade e otimiza\u00e7\u00e3o dos recursos internos.<\/p><p class=\"\" style=\"text-align: justify;\" data-start=\"1589\" data-end=\"1987\">Com ferramentas avan\u00e7adas de monitoramento de ativos e servi\u00e7os, atuamos em plataformas Microsoft e Linux, garantindo suporte eficiente e cont\u00ednuo. A terceiriza\u00e7\u00e3o do Service Desk e do NOC com a Cloud Suport permite que sua empresa tenha acesso a uma equipe especializada, reduza custos operacionais, melhore o n\u00edvel de servi\u00e7o (SLA) e foque nas atividades essenciais para o crescimento do neg\u00f3cio.<\/p><p class=\"\" style=\"text-align: justify;\" data-start=\"1989\" data-end=\"2204\">Estamos prontos para transformar desafios em solu\u00e7\u00f5es tecnol\u00f3gicas de alto desempenho. Entre em contato e descubra como podemos ajudar seu neg\u00f3cio a crescer com seguran\u00e7a, inova\u00e7\u00e3o e excel\u00eancia em outsourcing de TI.<\/p>\t\t\t\t\t\t\t\t<\/div>\n\t\t\t\t<\/div>\n\t\t\t\t<\/div>\n\t\t\t\t<\/div>\n\t\t","protected":false},"excerpt":{"rendered":"<p>Quem Somos A Cloud Suport est\u00e1 no mercado desde 2006, oferecendo solu\u00e7\u00f5es inovadoras em tecnologia para empresas e organiza\u00e7\u00f5es de diversos segmentos. Nossa miss\u00e3o \u00e9 proporcionar ferramentas e servi\u00e7os que impulsionam a efici\u00eancia e a seguran\u00e7a dos neg\u00f3cios de nossos clientes. Atualmente, contamos com produtos e solu\u00e7\u00f5es em diversas \u00e1reas, incluindo: Seguran\u00e7a Eletr\u00f4nica: Tecnologias avan\u00e7adas [&hellip;]<\/p>\n","protected":false},"author":1,"featured_media":0,"parent":0,"menu_order":0,"comment_status":"closed","ping_status":"closed","template":"elementor_header_footer","meta":{"_joinchat":[],"footnotes":""},"class_list":["post-31","page","type-page","status-publish","hentry"],"_links":{"self":[{"href":"https:\/\/cloudsuport.com.br\/2025\/wp-json\/wp\/v2\/pages\/31","targetHints":{"allow":["GET"]}}],"collection":[{"href":"https:\/\/cloudsuport.com.br\/2025\/wp-json\/wp\/v2\/pages"}],"about":[{"href":"https:\/\/cloudsuport.com.br\/2025\/wp-json\/wp\/v2\/types\/page"}],"author":[{"embeddable":true,"href":"https:\/\/cloudsuport.com.br\/2025\/wp-json\/wp\/v2\/users\/1"}],"replies":[{"embeddable":true,"href":"https:\/\/cloudsuport.com.br\/2025\/wp-json\/wp\/v2\/comments?post=31"}],"version-history":[{"count":151,"href":"https:\/\/cloudsuport.com.br\/2025\/wp-json\/wp\/v2\/pages\/31\/revisions"}],"predecessor-version":[{"id":667,"href":"https:\/\/cloudsuport.com.br\/2025\/wp-json\/wp\/v2\/pages\/31\/revisions\/667"}],"wp:attachment":[{"href":"https:\/\/cloudsuport.com.br\/2025\/wp-json\/wp\/v2\/media?parent=31"}],"curies":[{"name":"wp","href":"https:\/\/api.w.org\/{rel}","templated":true}]}}