{"id":406,"date":"2025-04-26T00:40:43","date_gmt":"2025-04-26T03:40:43","guid":{"rendered":"https:\/\/cloudsuport.com.br\/2025\/?page_id=406"},"modified":"2025-04-26T01:49:26","modified_gmt":"2025-04-26T04:49:26","slug":"servicedesk","status":"publish","type":"page","link":"https:\/\/cloudsuport.com.br\/2025\/servicedesk\/","title":{"rendered":"Service Desk"},"content":{"rendered":"\t\t<div data-elementor-type=\"wp-page\" data-elementor-id=\"406\" class=\"elementor elementor-406\">\n\t\t\t\t<div class=\"has_eae_slider elementor-element elementor-element-0abc8fb e-flex e-con-boxed e-con e-parent\" data-eae-slider=\"51020\" data-id=\"0abc8fb\" data-element_type=\"container\" data-settings=\"{&quot;background_background&quot;:&quot;slideshow&quot;,&quot;background_slideshow_gallery&quot;:[{&quot;id&quot;:339,&quot;url&quot;:&quot;https:\\\/\\\/cloudsuport.com.br\\\/2025\\\/wp-content\\\/uploads\\\/2025\\\/04\\\/Service-desk-2-1.jpg&quot;}],&quot;background_slideshow_loop&quot;:&quot;yes&quot;,&quot;background_slideshow_slide_duration&quot;:5000,&quot;background_slideshow_slide_transition&quot;:&quot;fade&quot;,&quot;background_slideshow_transition_duration&quot;:500}\">\n\t\t\t\t\t<div class=\"e-con-inner\">\n\t\t\t\t<div class=\"elementor-element elementor-element-60da23b elementor-widget elementor-widget-heading\" data-id=\"60da23b\" data-element_type=\"widget\" data-widget_type=\"heading.default\">\n\t\t\t\t<div class=\"elementor-widget-container\">\n\t\t\t\t\t<h1 class=\"elementor-heading-title elementor-size-default\">SERVICE DESK<\/h1>\t\t\t\t<\/div>\n\t\t\t\t<\/div>\n\t\t\t\t\t<\/div>\n\t\t\t\t<\/div>\n\t\t<div class=\"has_eae_slider elementor-element elementor-element-3991c42 e-flex e-con-boxed e-con e-parent\" data-eae-slider=\"45623\" data-id=\"3991c42\" data-element_type=\"container\">\n\t\t\t\t\t<div class=\"e-con-inner\">\n\t\t\t\t<div class=\"elementor-element elementor-element-ab27ac2 elementor-widget elementor-widget-text-editor\" data-id=\"ab27ac2\" data-element_type=\"widget\" data-widget_type=\"text-editor.default\">\n\t\t\t\t<div class=\"elementor-widget-container\">\n\t\t\t\t\t\t\t\t\t<h4 class=\"\" data-start=\"258\" data-end=\"283\">\ud83d\udda5\ufe0f <strong data-start=\"267\" data-end=\"283\">Central de Servi\u00e7os<\/strong><\/h4><p class=\"\" data-start=\"284\" data-end=\"458\">Oferecemos um Service Desk completo com atendimento t\u00e9cnico de N\u00edvel 1, 2 e 3, garantindo suporte r\u00e1pido e eficiente para usu\u00e1rios, sistemas e infraestrutura.<br data-start=\"442\" data-end=\"445\" \/><strong data-start=\"445\" data-end=\"456\">Inclui:<\/strong><\/p><ul data-start=\"459\" data-end=\"613\"><li class=\"\" data-start=\"459\" data-end=\"500\"><p class=\"\" data-start=\"461\" data-end=\"500\">Abertura e acompanhamento de chamados<\/p><\/li><li class=\"\" data-start=\"501\" data-end=\"532\"><p class=\"\" data-start=\"503\" data-end=\"532\">Suporte remoto e presencial<\/p><\/li><li class=\"\" data-start=\"533\" data-end=\"572\"><p class=\"\" data-start=\"535\" data-end=\"572\">Resolu\u00e7\u00e3o de incidentes e problemas<\/p><\/li><li class=\"\" data-start=\"573\" data-end=\"613\"><p class=\"\" data-start=\"575\" data-end=\"613\">Gerenciamento de ativos e solicita\u00e7\u00f5es<\/p><\/li><\/ul><p class=\"\" data-start=\"615\" data-end=\"662\">\ud83d\udd27 <em data-start=\"618\" data-end=\"662\">SLA personalizado conforme sua necessidade<\/em><\/p><hr class=\"\" data-start=\"664\" data-end=\"667\" \/><h4 class=\"\" data-start=\"669\" data-end=\"715\">\ud83d\udd0d <strong data-start=\"677\" data-end=\"715\">Monitoramento Proativo de Sistemas<\/strong><\/h4><p class=\"\" data-start=\"716\" data-end=\"865\">Monitoramos seus servidores, redes e sistemas 24 horas por dia, 7 dias por semana, para identificar falhas antes que causem impactos.<br data-start=\"849\" data-end=\"852\" \/><strong data-start=\"852\" data-end=\"863\">Inclui:<\/strong><\/p><ul data-start=\"866\" data-end=\"962\"><li class=\"\" data-start=\"866\" data-end=\"891\"><p class=\"\" data-start=\"868\" data-end=\"891\">Alertas em tempo real<\/p><\/li><li class=\"\" data-start=\"892\" data-end=\"917\"><p class=\"\" data-start=\"894\" data-end=\"917\">Relat\u00f3rios peri\u00f3dicos<\/p><\/li><li class=\"\" data-start=\"918\" data-end=\"962\"><p class=\"\" data-start=\"920\" data-end=\"962\">Integra\u00e7\u00e3o com NOC ou dashboard do cliente<\/p><\/li><\/ul><hr class=\"\" data-start=\"964\" data-end=\"967\" \/><h4 class=\"\" data-start=\"969\" data-end=\"1005\">\ud83d\udee1\ufe0f <strong data-start=\"978\" data-end=\"1005\">Seguran\u00e7a da Informa\u00e7\u00e3o<\/strong><\/h4><p class=\"\" data-start=\"1006\" data-end=\"1158\">Implementamos pol\u00edticas de seguran\u00e7a, backups autom\u00e1ticos e prote\u00e7\u00e3o contra amea\u00e7as digitais para garantir a integridade dos seus dados.<br data-start=\"1142\" data-end=\"1145\" \/><strong data-start=\"1145\" data-end=\"1156\">Inclui:<\/strong><\/p><ul data-start=\"1159\" data-end=\"1258\"><li class=\"\" data-start=\"1159\" data-end=\"1183\"><p class=\"\" data-start=\"1161\" data-end=\"1183\">Antiv\u00edrus gerenciado<\/p><\/li><li class=\"\" data-start=\"1184\" data-end=\"1208\"><p class=\"\" data-start=\"1186\" data-end=\"1208\">Firewall corporativo<\/p><\/li><li class=\"\" data-start=\"1209\" data-end=\"1240\"><p class=\"\" data-start=\"1211\" data-end=\"1240\">Pol\u00edtica de acesso e senhas<\/p><\/li><\/ul><hr class=\"\" data-start=\"1260\" data-end=\"1263\" \/><h4 class=\"\" data-start=\"1265\" data-end=\"1309\">\ud83c\udf10 <strong data-start=\"1273\" data-end=\"1309\">Gest\u00e3o de Redes e Infraestrutura<\/strong><\/h4><p class=\"\" data-start=\"1310\" data-end=\"1410\">Cuidamos da sua rede corporativa desde a estrutura f\u00edsica at\u00e9 a configura\u00e7\u00e3o l\u00f3gica.<br data-start=\"1394\" data-end=\"1397\" \/><strong data-start=\"1397\" data-end=\"1408\">Inclui:<\/strong><\/p><ul data-start=\"1411\" data-end=\"1520\"><li class=\"\" data-start=\"1411\" data-end=\"1437\"><p class=\"\" data-start=\"1413\" data-end=\"1437\">Cabeamento estruturado<\/p><\/li><li class=\"\" data-start=\"1438\" data-end=\"1475\"><p class=\"\" data-start=\"1440\" data-end=\"1475\">Switches, roteadores e servidores<\/p><\/li><li class=\"\" data-start=\"1476\" data-end=\"1500\"><p class=\"\" data-start=\"1478\" data-end=\"1500\">VPNs e acesso remoto<\/p><\/li><li class=\"\" data-start=\"1501\" data-end=\"1520\"><p class=\"\" data-start=\"1503\" data-end=\"1520\">Wi-Fi corporativo<\/p><\/li><\/ul><hr class=\"\" data-start=\"1522\" data-end=\"1525\" \/><h4 class=\"\" data-start=\"1527\" data-end=\"1572\">\ud83e\udd1d <strong data-start=\"1535\" data-end=\"1572\">Consultoria e Terceiriza\u00e7\u00e3o de TI<\/strong><\/h4><p class=\"\" data-start=\"1573\" data-end=\"1727\">Terceirize a TI da sua empresa com especialistas que acompanham a evolu\u00e7\u00e3o tecnol\u00f3gica e garantem o funcionamento cont\u00ednuo do seu neg\u00f3cio.<br data-start=\"1711\" data-end=\"1714\" \/><strong data-start=\"1714\" data-end=\"1725\">Inclui:<\/strong><\/p><ul data-start=\"1728\" data-end=\"1845\"><li class=\"\" data-start=\"1728\" data-end=\"1764\"><p class=\"\" data-start=\"1730\" data-end=\"1764\">Equipe t\u00e9cnica alocada ou remota<\/p><\/li><li class=\"\" data-start=\"1765\" data-end=\"1804\"><p class=\"\" data-start=\"1767\" data-end=\"1804\">Planejamento de upgrades e expans\u00e3o<\/p><\/li><li class=\"\" data-start=\"1805\" data-end=\"1845\"><p class=\"\" data-start=\"1807\" data-end=\"1845\">Consultoria em solu\u00e7\u00f5es personalizadas<\/p><\/li><li data-start=\"1805\" data-end=\"1845\">Backup<\/li><\/ul><p>\u00a0<\/p><hr class=\"\" data-start=\"1847\" data-end=\"1850\" \/><h3 class=\"\" data-start=\"1852\" data-end=\"1908\">\ud83d\udcde <strong data-start=\"1859\" data-end=\"1908\">Ficou com d\u00favidas ou precisa de um or\u00e7amento?<\/strong><\/h3><p class=\"\" data-start=\"1909\" data-end=\"2012\">Entre em contato agora mesmo com um de nossos especialistas e descubra como podemos ajudar sua empresa!<\/p>\t\t\t\t\t\t\t\t<\/div>\n\t\t\t\t<\/div>\n\t\t\t\t\t<\/div>\n\t\t\t\t<\/div>\n\t\t<div class=\"has_eae_slider elementor-element elementor-element-97e2298 e-con-full e-flex e-con e-parent\" data-eae-slider=\"76460\" data-id=\"97e2298\" data-element_type=\"container\">\n\t\t\t\t<div class=\"elementor-element elementor-element-3f67163 elementor-widget elementor-widget-button\" data-id=\"3f67163\" data-element_type=\"widget\" data-widget_type=\"button.default\">\n\t\t\t\t<div class=\"elementor-widget-container\">\n\t\t\t\t\t\t\t\t\t<div class=\"elementor-button-wrapper\">\n\t\t\t\t\t<a class=\"elementor-button elementor-button-link elementor-size-sm\" href=\"https:\/\/api.whatsapp.com\/send\/?phone=5583991126935&#038;text=Ol%C3%A1+seja+bem+vindo&#038;type=phone_number&#038;app_absent=0\">\n\t\t\t\t\t\t<span class=\"elementor-button-content-wrapper\">\n\t\t\t\t\t\t\t\t\t<span class=\"elementor-button-text\">Solicitar Or\u00e7amento<\/span>\n\t\t\t\t\t<\/span>\n\t\t\t\t\t<\/a>\n\t\t\t\t<\/div>\n\t\t\t\t\t\t\t\t<\/div>\n\t\t\t\t<\/div>\n\t\t\t\t<\/div>\n\t\t\t\t<\/div>\n\t\t","protected":false},"excerpt":{"rendered":"<p>SERVICE DESK \ud83d\udda5\ufe0f Central de Servi\u00e7os Oferecemos um Service Desk completo com atendimento t\u00e9cnico de N\u00edvel 1, 2 e 3, garantindo suporte r\u00e1pido e eficiente para usu\u00e1rios, sistemas e infraestrutura.Inclui: Abertura e acompanhamento de chamados Suporte remoto e presencial Resolu\u00e7\u00e3o de incidentes e problemas Gerenciamento de ativos e solicita\u00e7\u00f5es \ud83d\udd27 SLA personalizado conforme sua necessidade [&hellip;]<\/p>\n","protected":false},"author":1,"featured_media":0,"parent":0,"menu_order":0,"comment_status":"closed","ping_status":"closed","template":"elementor_header_footer","meta":{"_joinchat":[],"footnotes":""},"class_list":["post-406","page","type-page","status-publish","hentry"],"_links":{"self":[{"href":"https:\/\/cloudsuport.com.br\/2025\/wp-json\/wp\/v2\/pages\/406","targetHints":{"allow":["GET"]}}],"collection":[{"href":"https:\/\/cloudsuport.com.br\/2025\/wp-json\/wp\/v2\/pages"}],"about":[{"href":"https:\/\/cloudsuport.com.br\/2025\/wp-json\/wp\/v2\/types\/page"}],"author":[{"embeddable":true,"href":"https:\/\/cloudsuport.com.br\/2025\/wp-json\/wp\/v2\/users\/1"}],"replies":[{"embeddable":true,"href":"https:\/\/cloudsuport.com.br\/2025\/wp-json\/wp\/v2\/comments?post=406"}],"version-history":[{"count":58,"href":"https:\/\/cloudsuport.com.br\/2025\/wp-json\/wp\/v2\/pages\/406\/revisions"}],"predecessor-version":[{"id":468,"href":"https:\/\/cloudsuport.com.br\/2025\/wp-json\/wp\/v2\/pages\/406\/revisions\/468"}],"wp:attachment":[{"href":"https:\/\/cloudsuport.com.br\/2025\/wp-json\/wp\/v2\/media?parent=406"}],"curies":[{"name":"wp","href":"https:\/\/api.w.org\/{rel}","templated":true}]}}