{"id":264,"date":"2023-01-30T23:33:33","date_gmt":"2023-01-31T02:33:33","guid":{"rendered":"https:\/\/suabalada.com.br\/2023\/?page_id=264"},"modified":"2025-02-21T15:23:01","modified_gmt":"2025-02-21T18:23:01","slug":"elementor-264","status":"publish","type":"page","link":"https:\/\/cloudsuport.com.br\/eventos\/","title":{"rendered":"Home"},"content":{"rendered":"\t\t<div data-elementor-type=\"wp-page\" data-elementor-id=\"264\" class=\"elementor elementor-264\">\n\t\t\t\t<div class=\"elementor-element elementor-element-c9ed23e e-flex e-con-boxed e-con e-parent\" data-id=\"c9ed23e\" data-element_type=\"container\" data-settings=\"{&quot;background_background&quot;:&quot;slideshow&quot;,&quot;background_slideshow_gallery&quot;:[],&quot;background_slideshow_loop&quot;:&quot;yes&quot;,&quot;background_slideshow_slide_duration&quot;:5000,&quot;background_slideshow_slide_transition&quot;:&quot;fade&quot;,&quot;background_slideshow_transition_duration&quot;:500}\">\n\t\t\t\t\t<div class=\"e-con-inner\">\n\t\t\t\t<div class=\"elementor-element elementor-element-a1a9e0e elementor--h-position-left elementor--v-position-top elementor-arrows-position-inside elementor-pagination-position-inside elementor-widget elementor-widget-slides\" data-id=\"a1a9e0e\" data-element_type=\"widget\" data-settings=\"{&quot;autoplay_speed&quot;:6000,&quot;navigation&quot;:&quot;both&quot;,&quot;autoplay&quot;:&quot;yes&quot;,&quot;pause_on_hover&quot;:&quot;yes&quot;,&quot;pause_on_interaction&quot;:&quot;yes&quot;,&quot;transition&quot;:&quot;slide&quot;,&quot;transition_speed&quot;:500}\" data-widget_type=\"slides.default\">\n\t\t\t\t<div class=\"elementor-widget-container\">\n\t\t\t\t\t\t\t<div class=\"elementor-swiper\">\n\t\t\t<div class=\"elementor-slides-wrapper elementor-main-swiper swiper-container\" dir=\"ltr\" data-animation=\"fadeInRight\">\n\t\t\t\t<div class=\"swiper-wrapper elementor-slides\">\n\t\t\t\t\t\t\t\t\t\t<div class=\"elementor-repeater-item-cbf1c1e swiper-slide\"><div class=\"swiper-slide-bg\"><\/div><div class=\"swiper-slide-inner\" ><div class=\"swiper-slide-contents\"><div class=\"elementor-slide-heading\">Venda de ingressos f\u00e1cil e automatizada!<\/div><div class=\"elementor-slide-description\">A Cloud Suport simplifica a gest\u00e3o de eventos, garantindo vendas r\u00e1pidas, seguras e sem complica\u00e7\u00f5es. Automatize todo o processo e ofere\u00e7a a melhor experi\u00eancia aos seus participantes! <\/div><\/div><\/div><\/div>\t\t\t\t<\/div>\n\t\t\t\t\t\t\t<\/div>\n\t\t<\/div>\n\t\t\t\t\t\t<\/div>\n\t\t\t\t<\/div>\n\t\t\t\t\t<\/div>\n\t\t\t\t<\/div>\n\t\t<div class=\"elementor-element elementor-element-6da9f19 e-flex e-con-boxed e-con e-parent\" data-id=\"6da9f19\" data-element_type=\"container\" data-settings=\"{&quot;background_background&quot;:&quot;classic&quot;}\">\n\t\t\t\t\t<div class=\"e-con-inner\">\n\t\t\t\t<div class=\"elementor-element elementor-element-b07dda8 elementor-grid-4 elementor-grid-tablet-2 elementor-grid-mobile-1 elementor-posts--thumbnail-top elementor-card-shadow-yes elementor-posts__hover-gradient elementor-widget elementor-widget-posts\" data-id=\"b07dda8\" data-element_type=\"widget\" data-settings=\"{&quot;cards_columns&quot;:&quot;4&quot;,&quot;cards_row_gap&quot;:{&quot;unit&quot;:&quot;px&quot;,&quot;size&quot;:23,&quot;sizes&quot;:[]},&quot;cards_columns_tablet&quot;:&quot;2&quot;,&quot;cards_columns_mobile&quot;:&quot;1&quot;,&quot;cards_row_gap_tablet&quot;:{&quot;unit&quot;:&quot;px&quot;,&quot;size&quot;:&quot;&quot;,&quot;sizes&quot;:[]},&quot;cards_row_gap_mobile&quot;:{&quot;unit&quot;:&quot;px&quot;,&quot;size&quot;:&quot;&quot;,&quot;sizes&quot;:[]}}\" data-widget_type=\"posts.cards\">\n\t\t\t\t<div class=\"elementor-widget-container\">\n\t\t\t\t\t\t\t<div class=\"elementor-posts-container elementor-posts elementor-posts--skin-cards elementor-grid\">\n\t\t\t\t<article class=\"elementor-post elementor-grid-item post-3435 post type-post status-publish format-standard has-post-thumbnail hentry category-uncategorized\">\n\t\t\t<div class=\"elementor-post__card\">\n\t\t\t\t<a class=\"elementor-post__thumbnail__link\" href=\"https:\/\/cloudsuport.com.br\/eventos\/7condic\/\" ><div class=\"elementor-post__thumbnail\"><img decoding=\"async\" width=\"300\" height=\"117\" src=\"https:\/\/cloudsuport.com.br\/eventos\/wp-content\/uploads\/2025\/09\/Condic-Site-300x117.png\" class=\"attachment-medium size-medium wp-image-3263\" alt=\"\" srcset=\"https:\/\/cloudsuport.com.br\/eventos\/wp-content\/uploads\/2025\/09\/Condic-Site-300x117.png 300w, https:\/\/cloudsuport.com.br\/eventos\/wp-content\/uploads\/2025\/09\/Condic-Site-1024x398.png 1024w, https:\/\/cloudsuport.com.br\/eventos\/wp-content\/uploads\/2025\/09\/Condic-Site-768x298.png 768w, https:\/\/cloudsuport.com.br\/eventos\/wp-content\/uploads\/2025\/09\/Condic-Site.png 1030w\" sizes=\"(max-width: 300px) 100vw, 300px\" \/><\/div><\/a>\n\t\t\t\t<div class=\"elementor-post__text\">\n\t\t\t\t<h3 class=\"elementor-post__title\">\n\t\t\t<a href=\"https:\/\/cloudsuport.com.br\/eventos\/7condic\/\" >\n\t\t\t\t7\u00ba CONDIC\t\t\t<\/a>\n\t\t<\/h3>\n\t\t\t\t<div class=\"elementor-post__excerpt\">\n\t\t\t<p>O CONDIC tem como objetivo promover o debate acad\u00eamico e cient\u00edfico, al\u00e9m de despertar para a reflex\u00e3o cr\u00edtica e interdisciplinar sobre os fundamentos, desafios e perspectivas da soberania nacional, <\/p>\n\t\t<\/div>\n\t\t\t\t\t<a class=\"elementor-post__read-more\" href=\"https:\/\/cloudsuport.com.br\/eventos\/7condic\/\" >\n\t\t\t\tSaiba mais \u00bb\t\t\t<\/a>\n\t\t\t\t<\/div>\n\t\t\t\t\t<\/div>\n\t\t<\/article>\n\t\t\t\t<article class=\"elementor-post elementor-grid-item post-2470 post type-post status-publish format-standard has-post-thumbnail hentry category-uncategorized\">\n\t\t\t<div class=\"elementor-post__card\">\n\t\t\t\t<a class=\"elementor-post__thumbnail__link\" href=\"https:\/\/cloudsuport.com.br\/eventos\/inclusao-na-pratica\/\" ><div class=\"elementor-post__thumbnail\"><img decoding=\"async\" width=\"300\" height=\"157\" src=\"https:\/\/cloudsuport.com.br\/eventos\/wp-content\/uploads\/2025\/02\/Inclusao-na-pratica-300x157.jpg\" class=\"attachment-medium size-medium wp-image-2471\" alt=\"\" srcset=\"https:\/\/cloudsuport.com.br\/eventos\/wp-content\/uploads\/2025\/02\/Inclusao-na-pratica-300x157.jpg 300w, https:\/\/cloudsuport.com.br\/eventos\/wp-content\/uploads\/2025\/02\/Inclusao-na-pratica-1024x536.jpg 1024w, https:\/\/cloudsuport.com.br\/eventos\/wp-content\/uploads\/2025\/02\/Inclusao-na-pratica-768x402.jpg 768w, https:\/\/cloudsuport.com.br\/eventos\/wp-content\/uploads\/2025\/02\/Inclusao-na-pratica.jpg 1056w\" sizes=\"(max-width: 300px) 100vw, 300px\" \/><\/div><\/a>\n\t\t\t\t<div class=\"elementor-post__text\">\n\t\t\t\t<h3 class=\"elementor-post__title\">\n\t\t\t<a href=\"https:\/\/cloudsuport.com.br\/eventos\/inclusao-na-pratica\/\" >\n\t\t\t\tInclus\u00e3o na Pr\u00e1tica\t\t\t<\/a>\n\t\t<\/h3>\n\t\t\t\t<div class=\"elementor-post__excerpt\">\n\t\t\t<p>Em um mundo cada vez mais diverso, a inclus\u00e3o se torna fundamental para garantir o direito de todos \u00e0 educa\u00e7\u00e3o. Este evento tem como objetivo promover a troca de conhecimentos e experi\u00eancias entre profissionais da educa\u00e7\u00e3o, <\/p>\n\t\t<\/div>\n\t\t\t\t\t<a class=\"elementor-post__read-more\" href=\"https:\/\/cloudsuport.com.br\/eventos\/inclusao-na-pratica\/\" >\n\t\t\t\tSaiba mais \u00bb\t\t\t<\/a>\n\t\t\t\t<\/div>\n\t\t\t\t\t<\/div>\n\t\t<\/article>\n\t\t\t\t<\/div>\n\n\n\t\t\n\t\t\t\t\t\t<\/div>\n\t\t\t\t<\/div>\n\t\t\t\t\t<\/div>\n\t\t\t\t<\/div>\n\t\t\t\t<\/div>\n\t\t","protected":false},"excerpt":{"rendered":"<p>Venda de ingressos f\u00e1cil e automatizada!A Cloud Suport simplifica a gest\u00e3o de eventos, garantindo vendas r\u00e1pidas, seguras e sem complica\u00e7\u00f5es. Automatize todo o processo e ofere\u00e7a a melhor experi\u00eancia aos seus participantes!<\/p>\n","protected":false},"author":1,"featured_media":0,"parent":0,"menu_order":0,"comment_status":"closed","ping_status":"closed","template":"elementor_header_footer","meta":{"_joinchat":[],"footnotes":""},"class_list":["post-264","page","type-page","status-publish","hentry"],"_links":{"self":[{"href":"https:\/\/cloudsuport.com.br\/eventos\/wp-json\/wp\/v2\/pages\/264","targetHints":{"allow":["GET"]}}],"collection":[{"href":"https:\/\/cloudsuport.com.br\/eventos\/wp-json\/wp\/v2\/pages"}],"about":[{"href":"https:\/\/cloudsuport.com.br\/eventos\/wp-json\/wp\/v2\/types\/page"}],"author":[{"embeddable":true,"href":"https:\/\/cloudsuport.com.br\/eventos\/wp-json\/wp\/v2\/users\/1"}],"replies":[{"embeddable":true,"href":"https:\/\/cloudsuport.com.br\/eventos\/wp-json\/wp\/v2\/comments?post=264"}],"version-history":[{"count":624,"href":"https:\/\/cloudsuport.com.br\/eventos\/wp-json\/wp\/v2\/pages\/264\/revisions"}],"predecessor-version":[{"id":2929,"href":"https:\/\/cloudsuport.com.br\/eventos\/wp-json\/wp\/v2\/pages\/264\/revisions\/2929"}],"wp:attachment":[{"href":"https:\/\/cloudsuport.com.br\/eventos\/wp-json\/wp\/v2\/media?parent=264"}],"curies":[{"name":"wp","href":"https:\/\/api.w.org\/{rel}","templated":true}]}}