{"id":974,"date":"2023-06-11T07:43:55","date_gmt":"2023-06-11T10:43:55","guid":{"rendered":"https:\/\/suabalada.com.br\/2023\/?page_id=974"},"modified":"2025-02-19T22:42:15","modified_gmt":"2025-02-20T01:42:15","slug":"quem-somos","status":"publish","type":"page","link":"https:\/\/cloudsuport.com.br\/eventos\/quem-somos\/","title":{"rendered":"Quem Somos"},"content":{"rendered":"\t\t<div data-elementor-type=\"wp-page\" data-elementor-id=\"974\" class=\"elementor elementor-974\">\n\t\t\t\t<div class=\"elementor-element elementor-element-7f4bf1e e-flex e-con-boxed e-con e-parent\" data-id=\"7f4bf1e\" data-element_type=\"container\" data-settings=\"{&quot;background_background&quot;:&quot;classic&quot;}\">\n\t\t\t\t\t<div class=\"e-con-inner\">\n\t\t\t\t<div class=\"elementor-element elementor-element-e7a8968 elementor-widget elementor-widget-heading\" data-id=\"e7a8968\" data-element_type=\"widget\" data-widget_type=\"heading.default\">\n\t\t\t\t<div class=\"elementor-widget-container\">\n\t\t\t\t\t<h2 class=\"elementor-heading-title elementor-size-default\">Quem Somos <\/h2>\t\t\t\t<\/div>\n\t\t\t\t<\/div>\n\t\t\t\t\t<\/div>\n\t\t\t\t<\/div>\n\t\t<div class=\"elementor-element elementor-element-da47535 e-flex e-con-boxed e-con e-parent\" data-id=\"da47535\" data-element_type=\"container\" data-settings=\"{&quot;background_background&quot;:&quot;classic&quot;}\">\n\t\t\t\t\t<div class=\"e-con-inner\">\n\t\t\t\t<div class=\"elementor-element elementor-element-5278ab7 elementor-widget elementor-widget-text-editor\" data-id=\"5278ab7\" data-element_type=\"widget\" data-widget_type=\"text-editor.default\">\n\t\t\t\t<div class=\"elementor-widget-container\">\n\t\t\t\t\t\t\t\t\t<p style=\"text-align: justify;\"><span style=\"color: #000000;\">Bem-vindo \u00e0 Cloud Suport, a plataforma l\u00edder em automa\u00e7\u00e3o para venda de ingressos de eventos! Aqui, gostar\u00edamos de apresentar a voc\u00ea nosso servi\u00e7o exclusivo, projetado para simplificar e aprimorar o processo de venda de ingressos.<\/span><\/p><p style=\"text-align: justify;\"><span style=\"color: #000000;\">Na Cloud Suport, entendemos os desafios enfrentados por organizadores de eventos em lidar com a venda de ingressos de forma eficiente e conveniente. Sabemos que gerenciar o fluxo de ingressos, controlar as vendas e oferecer uma experi\u00eancia de compra agrad\u00e1vel para os participantes s\u00e3o elementos cruciais para o sucesso de qualquer evento. \u00c9 por isso que desenvolvemos uma plataforma completa de automa\u00e7\u00e3o para facilitar esse processo.<\/span><\/p><p style=\"text-align: justify;\"><span style=\"color: #000000;\">Com a Cloud Suport, voc\u00ea pode se livrar das complica\u00e7\u00f5es e do trabalho manual da venda de ingressos. Nossa plataforma oferece uma solu\u00e7\u00e3o abrangente que permite configurar e personalizar p\u00e1ginas de eventos, definir diferentes tipos de ingressos, pre\u00e7os e op\u00e7\u00f5es de pacotes, tudo em apenas alguns cliques.<\/span><\/p><p style=\"text-align: justify;\"><span style=\"color: #000000;\">Atrav\u00e9s da nossa plataforma, os participantes podem acessar um sistema de compra de ingressos r\u00e1pido, seguro e intuitivo. N\u00f3s nos preocupamos em oferecer uma experi\u00eancia de usu\u00e1rio excepcional, permitindo que os compradores adquiram ingressos com facilidade e rapidez, diretamente do conforto de seus dispositivos. Al\u00e9m disso, implementamos um sistema de pagamento seguro que garante a prote\u00e7\u00e3o das transa\u00e7\u00f5es e a privacidade das informa\u00e7\u00f5es pessoais.<\/span><\/p><p style=\"text-align: justify;\"><span style=\"color: #000000;\">Um dos recursos mais poderosos da Cloud Suport \u00e9 o controle avan\u00e7ado de vendas e estoque de ingressos. Com nossa plataforma, voc\u00ea pode monitorar em tempo real o status das vendas, gerenciar a disponibilidade de ingressos e definir limites personalizados, garantindo que seu evento n\u00e3o exceda a capacidade m\u00e1xima de participantes.<\/span><\/p><p style=\"text-align: justify;\"><span style=\"color: #000000;\">Al\u00e9m disso, nossa plataforma oferece recursos de relat\u00f3rios e an\u00e1lises detalhadas. Voc\u00ea ter\u00e1 acesso a informa\u00e7\u00f5es valiosas sobre as vendas de ingressos, tend\u00eancias de participa\u00e7\u00e3o e outros dados importantes, permitindo que voc\u00ea tome decis\u00f5es estrat\u00e9gicas informadas para otimizar o sucesso do seu evento.<\/span><\/p><p style=\"text-align: justify;\"><span style=\"color: #000000;\">Nossa equipe dedicada de suporte ao cliente est\u00e1 sempre pronta para ajudar e responder a quaisquer d\u00favidas ou problemas que possam surgir ao longo do processo. Estamos comprometidos em fornecer um excelente atendimento e garantir sua satisfa\u00e7\u00e3o em todos os aspectos da venda de ingressos.<\/span><\/p><p style=\"text-align: justify;\"><span style=\"color: #000000;\">Na Sua Cloud Suport, acreditamos que a automa\u00e7\u00e3o \u00e9 a chave para uma venda de ingressos eficiente e bem-sucedida. Nossa plataforma foi projetada para facilitar o processo de venda de ingressos, economizar tempo e recursos, e garantir que seu evento seja um verdadeiro sucesso.<\/span><\/p><p style=\"text-align: justify;\"><span style=\"color: #000000;\">Obrigado por escolher a Cloud Suport como sua solu\u00e7\u00e3o de automa\u00e7\u00e3o para venda de ingressos. Junte-se a n\u00f3s e fa\u00e7a da sua pr\u00f3xima venda de ingressos um processo simplificado e eficaz!<\/span><\/p>\t\t\t\t\t\t\t\t<\/div>\n\t\t\t\t<\/div>\n\t\t\t\t\t<\/div>\n\t\t\t\t<\/div>\n\t\t\t\t<\/div>\n\t\t","protected":false},"excerpt":{"rendered":"<p>Quem Somos Bem-vindo \u00e0 Cloud Suport, a plataforma l\u00edder em automa\u00e7\u00e3o para venda de ingressos de eventos! Aqui, gostar\u00edamos de apresentar a voc\u00ea nosso servi\u00e7o exclusivo, projetado para simplificar e aprimorar o processo de venda de ingressos. Na Cloud Suport, entendemos os desafios enfrentados por organizadores de eventos em lidar com a venda de ingressos [&hellip;]<\/p>\n","protected":false},"author":1,"featured_media":0,"parent":0,"menu_order":0,"comment_status":"closed","ping_status":"closed","template":"","meta":{"_joinchat":[],"footnotes":""},"class_list":["post-974","page","type-page","status-publish","hentry"],"_links":{"self":[{"href":"https:\/\/cloudsuport.com.br\/eventos\/wp-json\/wp\/v2\/pages\/974","targetHints":{"allow":["GET"]}}],"collection":[{"href":"https:\/\/cloudsuport.com.br\/eventos\/wp-json\/wp\/v2\/pages"}],"about":[{"href":"https:\/\/cloudsuport.com.br\/eventos\/wp-json\/wp\/v2\/types\/page"}],"author":[{"embeddable":true,"href":"https:\/\/cloudsuport.com.br\/eventos\/wp-json\/wp\/v2\/users\/1"}],"replies":[{"embeddable":true,"href":"https:\/\/cloudsuport.com.br\/eventos\/wp-json\/wp\/v2\/comments?post=974"}],"version-history":[{"count":25,"href":"https:\/\/cloudsuport.com.br\/eventos\/wp-json\/wp\/v2\/pages\/974\/revisions"}],"predecessor-version":[{"id":2542,"href":"https:\/\/cloudsuport.com.br\/eventos\/wp-json\/wp\/v2\/pages\/974\/revisions\/2542"}],"wp:attachment":[{"href":"https:\/\/cloudsuport.com.br\/eventos\/wp-json\/wp\/v2\/media?parent=974"}],"curies":[{"name":"wp","href":"https:\/\/api.w.org\/{rel}","templated":true}]}}